{"id":42921,"date":"2024-10-29T22:06:09","date_gmt":"2024-10-29T22:06:09","guid":{"rendered":"https:\/\/www.alicat.com\/?page_id=42921"},"modified":"2025-04-17T16:34:23","modified_gmt":"2025-04-17T16:34:23","slug":"ruckmeldung","status":"publish","type":"page","link":"https:\/\/www.alicat.com\/de\/feedback\/","title":{"rendered":"R\u00fcckmeldung"},"content":{"rendered":"\n[et_pb_section fb_built=&#8221;1&#8243; _builder_version=&#8221;4.24.3&#8243; _module_preset=&#8221;default&#8221; background_color=&#8221;#FFFFFF&#8221; use_background_color_gradient=&#8221;on&#8221; background_color_gradient_stops=&#8221;rgba(255,255,255,0.87) 25%|rgba(255,255,255,0.72) 72%&#8221; background_color_gradient_overlays_image=&#8221;on&#8221; background_image=&#8221;https:\/\/www.alicat.com\/wp-content\/uploads\/2024\/04\/Optimized-Vapor_deepred_1200.webp&#8221; max_width=&#8221;1920px&#8221; module_alignment=&#8221;center&#8221; min_height=&#8221;210px&#8221; custom_margin=&#8221;|-189px||-184px|false|false&#8221; custom_padding=&#8221;2px|0px|2px|0px|true|false&#8221; custom_css_main_element=&#8221;align-items:center;&#8221; box_shadow_style=&#8221;none&#8221; locked=&#8221;off&#8221; global_colors_info=&#8221;{}&#8221; theme_builder_area=&#8221;post_content&#8221;][et_pb_row column_structure=&#8221;3_5,2_5&#8243; _builder_version=&#8221;4.24.3&#8243; _module_preset=&#8221;default&#8221; background_color=&#8221;#FFFFFF&#8221; width=&#8221;100%&#8221; width_tablet=&#8221;100%&#8221; width_phone=&#8221;100%&#8221; width_last_edited=&#8221;on|tablet&#8221; max_width=&#8221;70%&#8221; max_width_tablet=&#8221;100%&#8221; max_width_phone=&#8221;100%&#8221; max_width_last_edited=&#8221;on|tablet&#8221; module_alignment=&#8221;center&#8221; custom_margin=&#8221;0px||||false|true&#8221; custom_padding=&#8221;3%|5%||5%|false|true&#8221; border_width_all=&#8221;2px&#8221; border_color_all=&#8221;#EAEAEA&#8221; border_width_bottom=&#8221;0px&#8221; global_colors_info=&#8221;{}&#8221; theme_builder_area=&#8221;post_content&#8221;][et_pb_column type=&#8221;3_5&#8243; _builder_version=&#8221;4.24.3&#8243; _module_preset=&#8221;default&#8221; custom_padding=&#8221;||16px|16px|false|false&#8221; global_colors_info=&#8221;{}&#8221; theme_builder_area=&#8221;post_content&#8221;][et_pb_text _builder_version=&#8221;4.27.2&#8243; _module_preset=&#8221;default&#8221; header_font=&#8221;|600|||||||&#8221; header_text_color=&#8221;#E12028&#8243; width=&#8221;80%&#8221; width_tablet=&#8221;100%&#8221; width_phone=&#8221;100%&#8221; width_last_edited=&#8221;on|tablet&#8221; max_width=&#8221;1920px&#8221; module_alignment=&#8221;left&#8221; custom_margin=&#8221;|-69px||-5px||&#8221; hover_enabled=&#8221;0&#8243; global_colors_info=&#8221;{}&#8221; theme_builder_area=&#8221;post_content&#8221; sticky_enabled=&#8221;0&#8243;]<h1>We Value Your Feedback!<\/h1>[\/et_pb_text][et_pb_text _builder_version=&#8221;4.27.2&#8243; _module_preset=&#8221;default&#8221; text_font=&#8221;||||||||&#8221; text_text_color=&#8221;#808080&#8243; text_font_size=&#8221;17px&#8221; width=&#8221;80%&#8221; width_tablet=&#8221;100%&#8221; width_phone=&#8221;100%&#8221; width_last_edited=&#8221;on|tablet&#8221; max_width=&#8221;1920px&#8221; module_alignment=&#8221;left&#8221; custom_padding=&#8221;|0px|||false|false&#8221; custom_padding_tablet=&#8221;2%||||false|false&#8221; custom_padding_phone=&#8221;2%||||false|false&#8221; custom_padding_last_edited=&#8221;on|tablet&#8221; hover_enabled=&#8221;0&#8243; global_colors_info=&#8221;{}&#8221; theme_builder_area=&#8221;post_content&#8221; sticky_enabled=&#8221;0&#8243;]<p><span>At Alicat, we love hearing from our customers. We\u2019re committed to continuously improving our products, and your insights are essential in helping us do that. Whether you have suggestions, compliments, or concerns, we want to hear from you! Please take a moment to share your feedback below. Thank you for helping us grow and improve!<\/span><\/p>[\/et_pb_text][\/et_pb_column][et_pb_column type=&#8221;2_5&#8243; _builder_version=&#8221;4.24.2&#8243; _module_preset=&#8221;default&#8221; global_colors_info=&#8221;{}&#8221; theme_builder_area=&#8221;post_content&#8221;][et_pb_image src=&#8221;https:\/\/www.alicat.com\/wp-content\/uploads\/2024\/04\/group-photo-compressed-1024&#215;576-1.webp&#8221; alt=&#8221;Alicat group photo&#8221; title_text=&#8221;group-photo-compressed-1024&#215;576-1&#8243; _builder_version=&#8221;4.25.1&#8243; _module_preset=&#8221;default&#8221; width=&#8221;100%&#8221; width_tablet=&#8221;50%&#8221; width_phone=&#8221;50%&#8221; width_last_edited=&#8221;on|tablet&#8221; module_alignment=&#8221;center&#8221; max_height_tablet=&#8221;&#8221; max_height_phone=&#8221;229px&#8221; max_height_last_edited=&#8221;on|phone&#8221; custom_margin=&#8221;0px|||0px|false|false&#8221; custom_margin_tablet=&#8221;5%|auto||auto|false|false&#8221; custom_margin_phone=&#8221;5%||||false|false&#8221; custom_margin_last_edited=&#8221;on|phone&#8221; global_colors_info=&#8221;{}&#8221; theme_builder_area=&#8221;post_content&#8221;][\/et_pb_image][\/et_pb_column][\/et_pb_row][\/et_pb_section][et_pb_section fb_built=&#8221;1&#8243; _builder_version=&#8221;4.24.3&#8243; _module_preset=&#8221;default&#8221; background_color=&#8221;RGBA(255,255,255,0)&#8221; use_background_color_gradient=&#8221;on&#8221; background_color_gradient_stops=&#8221;rgba(40,39,39,0.5) 0%|#ffffff 41%&#8221; background_color_gradient_overlays_image=&#8221;on&#8221; background_image=&#8221;https:\/\/www.alicat.com\/wp-content\/uploads\/2024\/04\/alicats-bg.webp&#8221; background_repeat=&#8221;repeat-y&#8221; max_width=&#8221;1920px&#8221; module_alignment=&#8221;center&#8221; custom_margin=&#8221;-4px|0px||0px|false|true&#8221; custom_padding=&#8221;0px|0px|0px|0px|false|false&#8221; custom_css_before=&#8221; content: %22%22;||    position: absolute;||    top: 0px;||    right: 0px;||    bottom: 0px;||    left: 0px;||    background-color: rgba(255, 255, 255, 0.85);&#8221; custom_css_main_element=&#8221; background-repeat: repeat-y;||    background-image: linear-gradient(180deg, rgba(239, 239, 239, 0.15) 0%, #ffffff 99%), url(https:\/\/www.alicat.com\/wp-content\/uploads\/2024\/04\/alicats-bg.webp) !important;||    \/* background-size: contain; *\/||   ||    background-position: 50% 0;||    background-size: contain;&#8221; border_width_all=&#8221;2px&#8221; border_color_all=&#8221;#EAEAEA&#8221; box_shadow_style=&#8221;none&#8221; locked=&#8221;off&#8221; global_colors_info=&#8221;{}&#8221; theme_builder_area=&#8221;post_content&#8221;][et_pb_row module_id=&#8221;8-pin&#8221; _builder_version=&#8221;4.25.1&#8243; _module_preset=&#8221;default&#8221; background_color=&#8221;#FFFFFF&#8221; width=&#8221;auto&#8221; width_tablet=&#8221;auto&#8221; width_phone=&#8221;auto&#8221; width_last_edited=&#8221;on|tablet&#8221; max_width=&#8221;70%&#8221; max_width_tablet=&#8221;100%&#8221; max_width_phone=&#8221;100%&#8221; max_width_last_edited=&#8221;on|tablet&#8221; module_alignment=&#8221;center&#8221; custom_margin=&#8221;0px||||false|false&#8221; custom_padding=&#8221;|0%||0%|false|true&#8221; border_width_right=&#8221;2px&#8221; border_color_right=&#8221;#EAEAEA&#8221; border_width_bottom=&#8221;2px&#8221; border_color_bottom=&#8221;#EAEAEA&#8221; border_width_left=&#8221;2px&#8221; border_color_left=&#8221;#EAEAEA&#8221; global_colors_info=&#8221;{}&#8221; theme_builder_area=&#8221;post_content&#8221;][et_pb_column type=&#8221;4_4&#8243; _builder_version=&#8221;4.24.2&#8243; _module_preset=&#8221;default&#8221; global_colors_info=&#8221;{}&#8221; theme_builder_area=&#8221;post_content&#8221;][et_pb_code _builder_version=&#8221;4.27.2&#8243; _module_preset=&#8221;default&#8221; max_width=&#8221;100%&#8221; module_alignment=&#8221;center&#8221; max_height=&#8221;100%&#8221; custom_margin=&#8221;26px||26px||true|false&#8221; custom_padding=&#8221;60px|60px|60px|60px|true|true&#8221; hover_enabled=&#8221;0&#8243; countries_mode=&#8221;exclude&#8221; countries_region=&#8221;off|off|off|on|off|off|off&#8221; global_colors_info=&#8221;{}&#8221; theme_builder_area=&#8221;post_content&#8221; sticky_enabled=&#8221;0&#8243;]\n\t\t\t\t\t\t<script>\n\t\t\t\t\t\t\twindow.hsFormsOnReady = window.hsFormsOnReady || [];\n\t\t\t\t\t\t\twindow.hsFormsOnReady.push(()=>{\n\t\t\t\t\t\t\t\thbspt.forms.create({\n\t\t\t\t\t\t\t\t\tportalId: 45036291,\n\t\t\t\t\t\t\t\t\tformId: \"e14fa592-d9f6-468b-ba84-247845019394\",\n\t\t\t\t\t\t\t\t\ttarget: \"#hbspt-form-1776418773000-5963996993\",\n\t\t\t\t\t\t\t\t\tregion: \"\",\n\t\t\t\t\t\t\t\t\t\n\t\t\t\t\t\t\t})});\n\t\t\t\t\t\t<\/script>\n\t\t\t\t\t\t<div class=\"hbspt-form\" id=\"hbspt-form-1776418773000-5963996993\"><\/div>[\/et_pb_code][\/et_pb_column][\/et_pb_row][\/et_pb_section]\n","protected":false},"excerpt":{"rendered":"<p>We Value Your Feedback!At Alicat, we love hearing from our customers. We\u2019re committed to continuously improving our products, and your insights are essential in helping us do that. Whether you have suggestions, compliments, or concerns, we want to hear from you! Please take a moment to share your feedback below. Thank you for helping us [&hellip;]<\/p>\n","protected":false},"author":7,"featured_media":0,"parent":0,"menu_order":0,"comment_status":"closed","ping_status":"closed","template":"","meta":{"_acf_changed":false,"_et_pb_use_builder":"on","_et_pb_old_content":"","_et_gb_content_width":"","content-type":"","_searchwp_excluded":"","footnotes":""},"page-categories":[],"class_list":["post-42921","page","type-page","status-publish","hentry"],"acf":[],"yoast_head":"<!-- This site is optimized with the Yoast SEO Premium plugin v27.3 (Yoast SEO v27.3) - https:\/\/yoast.com\/product\/yoast-seo-premium-wordpress\/ -->\n<title>Feedback - Alicat Scientific<\/title>\n<meta name=\"description\" content=\"Have any feedback for Alicat? Share your thoughts on this end user submission form and we&#039;ll see it!\" \/>\n<meta name=\"robots\" content=\"index, follow, max-snippet:-1, max-image-preview:large, max-video-preview:-1\" \/>\n<link rel=\"canonical\" href=\"https:\/\/www.alicat.com\/de\/ruckmeldung\/\" \/>\n<meta property=\"og:locale\" content=\"de_DE\" \/>\n<meta property=\"og:type\" content=\"article\" \/>\n<meta property=\"og:title\" content=\"Feedback\" \/>\n<meta property=\"og:description\" content=\"Have any feedback for Alicat? Share your thoughts on this end user submission form and we&#039;ll see it!\" \/>\n<meta property=\"og:url\" content=\"https:\/\/www.alicat.com\/de\/ruckmeldung\/\" \/>\n<meta property=\"og:site_name\" content=\"Alicat Scientific\" \/>\n<meta property=\"article:publisher\" content=\"https:\/\/www.facebook.com\/alicatscientific\/\" \/>\n<meta property=\"article:modified_time\" content=\"2025-04-17T16:34:23+00:00\" \/>\n<meta name=\"twitter:card\" content=\"summary_large_image\" \/>\n<meta name=\"twitter:label1\" content=\"Est. reading time\" \/>\n\t<meta name=\"twitter:data1\" content=\"1\u00a0Minute\" \/>\n<script type=\"application\/ld+json\" class=\"yoast-schema-graph\">{\"@context\":\"https:\\\/\\\/schema.org\",\"@graph\":[{\"@type\":\"WebPage\",\"@id\":\"https:\\\/\\\/www.alicat.com\\\/feedback\\\/\",\"url\":\"https:\\\/\\\/www.alicat.com\\\/feedback\\\/\",\"name\":\"Feedback - Alicat Scientific\",\"isPartOf\":{\"@id\":\"https:\\\/\\\/www.alicat.com\\\/#website\"},\"datePublished\":\"2024-10-29T22:06:09+00:00\",\"dateModified\":\"2025-04-17T16:34:23+00:00\",\"description\":\"Have any feedback for Alicat? Share your thoughts on this end user submission form and we'll see it!\",\"breadcrumb\":{\"@id\":\"https:\\\/\\\/www.alicat.com\\\/feedback\\\/#breadcrumb\"},\"inLanguage\":\"de\",\"potentialAction\":[{\"@type\":\"ReadAction\",\"target\":[\"https:\\\/\\\/www.alicat.com\\\/feedback\\\/\"]}]},{\"@type\":\"BreadcrumbList\",\"@id\":\"https:\\\/\\\/www.alicat.com\\\/feedback\\\/#breadcrumb\",\"itemListElement\":[{\"@type\":\"ListItem\",\"position\":1,\"name\":\"Home\",\"item\":\"https:\\\/\\\/www.alicat.com\\\/\"},{\"@type\":\"ListItem\",\"position\":2,\"name\":\"Feedback\"}]},{\"@type\":\"WebSite\",\"@id\":\"https:\\\/\\\/www.alicat.com\\\/#website\",\"url\":\"https:\\\/\\\/www.alicat.com\\\/\",\"name\":\"Alicat Scientific\",\"description\":\"Alicat Scientific | Fastest Flow Measurement Possible\",\"publisher\":{\"@id\":\"https:\\\/\\\/www.alicat.com\\\/#organization\"},\"potentialAction\":[{\"@type\":\"SearchAction\",\"target\":{\"@type\":\"EntryPoint\",\"urlTemplate\":\"https:\\\/\\\/www.alicat.com\\\/?s={search_term_string}\"},\"query-input\":{\"@type\":\"PropertyValueSpecification\",\"valueRequired\":true,\"valueName\":\"search_term_string\"}}],\"inLanguage\":\"de\"},{\"@type\":\"Organization\",\"@id\":\"https:\\\/\\\/www.alicat.com\\\/#organization\",\"name\":\"Alicat Scientific\",\"alternateName\":\"Alicat\",\"url\":\"https:\\\/\\\/www.alicat.com\\\/\",\"logo\":{\"@type\":\"ImageObject\",\"inLanguage\":\"de\",\"@id\":\"https:\\\/\\\/www.alicat.com\\\/#\\\/schema\\\/logo\\\/image\\\/\",\"url\":\"\",\"contentUrl\":\"\",\"caption\":\"Alicat Scientific\"},\"image\":{\"@id\":\"https:\\\/\\\/www.alicat.com\\\/#\\\/schema\\\/logo\\\/image\\\/\"},\"sameAs\":[\"https:\\\/\\\/www.facebook.com\\\/alicatscientific\\\/\",\"https:\\\/\\\/linkedin.com\\\/company\\\/alicat-scientific-inc\",\"https:\\\/\\\/www.youtube.com\\\/channel\\\/UCPPX4sBOO2eEu65Zn-EfwCw\"],\"email\":\"info@alicat.com\",\"telephone\":\"+18882906060\",\"legalName\":\"Alicat Scientific, Inc.\"}]}<\/script>\n<!-- \/ Yoast SEO Premium plugin. -->","yoast_head_json":{"title":"R\u00fcckmeldung - Alicat Scientific","description":"Haben Sie ein Feedback f\u00fcr Alicat? Teilen Sie uns Ihre Gedanken \u00fcber das Formular f\u00fcr Endverbraucher mit und wir werden sie sehen!","robots":{"index":"index","follow":"follow","max-snippet":"max-snippet:-1","max-image-preview":"max-image-preview:large","max-video-preview":"max-video-preview:-1"},"canonical":"https:\/\/www.alicat.com\/de\/ruckmeldung\/","og_locale":"de_DE","og_type":"article","og_title":"Feedback","og_description":"Have any feedback for Alicat? Share your thoughts on this end user submission form and we'll see it!","og_url":"https:\/\/www.alicat.com\/de\/ruckmeldung\/","og_site_name":"Alicat Scientific","article_publisher":"https:\/\/www.facebook.com\/alicatscientific\/","article_modified_time":"2025-04-17T16:34:23+00:00","twitter_card":"summary_large_image","twitter_misc":{"Est. reading time":"1\u00a0Minute"},"schema":{"@context":"https:\/\/schema.org","@graph":[{"@type":"WebPage","@id":"https:\/\/www.alicat.com\/feedback\/","url":"https:\/\/www.alicat.com\/feedback\/","name":"R\u00fcckmeldung - Alicat Scientific","isPartOf":{"@id":"https:\/\/www.alicat.com\/#website"},"datePublished":"2024-10-29T22:06:09+00:00","dateModified":"2025-04-17T16:34:23+00:00","description":"Haben Sie ein Feedback f\u00fcr Alicat? Teilen Sie uns Ihre Gedanken \u00fcber das Formular f\u00fcr Endverbraucher mit und wir werden sie sehen!","breadcrumb":{"@id":"https:\/\/www.alicat.com\/feedback\/#breadcrumb"},"inLanguage":"de","potentialAction":[{"@type":"ReadAction","target":["https:\/\/www.alicat.com\/feedback\/"]}]},{"@type":"BreadcrumbList","@id":"https:\/\/www.alicat.com\/feedback\/#breadcrumb","itemListElement":[{"@type":"ListItem","position":1,"name":"Home","item":"https:\/\/www.alicat.com\/"},{"@type":"ListItem","position":2,"name":"Feedback"}]},{"@type":"WebSite","@id":"https:\/\/www.alicat.com\/#website","url":"https:\/\/www.alicat.com\/","name":"Alicat Scientific","description":"Alicat Scientific | Schnellstm\u00f6gliche Durchflussmessung","publisher":{"@id":"https:\/\/www.alicat.com\/#organization"},"potentialAction":[{"@type":"SearchAction","target":{"@type":"EntryPoint","urlTemplate":"https:\/\/www.alicat.com\/?s={search_term_string}"},"query-input":{"@type":"PropertyValueSpecification","valueRequired":true,"valueName":"search_term_string"}}],"inLanguage":"de"},{"@type":"Organization","@id":"https:\/\/www.alicat.com\/#organization","name":"Alicat Scientific","alternateName":"Alicat","url":"https:\/\/www.alicat.com\/","logo":{"@type":"ImageObject","inLanguage":"de","@id":"https:\/\/www.alicat.com\/#\/schema\/logo\/image\/","url":"","contentUrl":"","caption":"Alicat Scientific"},"image":{"@id":"https:\/\/www.alicat.com\/#\/schema\/logo\/image\/"},"sameAs":["https:\/\/www.facebook.com\/alicatscientific\/","https:\/\/linkedin.com\/company\/alicat-scientific-inc","https:\/\/www.youtube.com\/channel\/UCPPX4sBOO2eEu65Zn-EfwCw"],"email":"info@alicat.com","telephone":"+18882906060","legalName":"Alicat Scientific, Inc."}]}},"_links":{"self":[{"href":"https:\/\/www.alicat.com\/de\/wp-json\/wp\/v2\/pages\/42921","targetHints":{"allow":["GET"]}}],"collection":[{"href":"https:\/\/www.alicat.com\/de\/wp-json\/wp\/v2\/pages"}],"about":[{"href":"https:\/\/www.alicat.com\/de\/wp-json\/wp\/v2\/types\/page"}],"author":[{"embeddable":true,"href":"https:\/\/www.alicat.com\/de\/wp-json\/wp\/v2\/users\/7"}],"replies":[{"embeddable":true,"href":"https:\/\/www.alicat.com\/de\/wp-json\/wp\/v2\/comments?post=42921"}],"version-history":[{"count":0,"href":"https:\/\/www.alicat.com\/de\/wp-json\/wp\/v2\/pages\/42921\/revisions"}],"wp:attachment":[{"href":"https:\/\/www.alicat.com\/de\/wp-json\/wp\/v2\/media?parent=42921"}],"wp:term":[{"taxonomy":"page-categories","embeddable":true,"href":"https:\/\/www.alicat.com\/de\/wp-json\/wp\/v2\/page-categories?post=42921"}],"curies":[{"name":"wp","href":"https:\/\/api.w.org\/{rel}","templated":true}]}}